{"id":591,"date":"2025-10-15T22:38:15","date_gmt":"2025-10-15T20:38:15","guid":{"rendered":"https:\/\/webshop-marcella-carin.de\/?post_type=product&#038;p=591"},"modified":"2025-11-06T22:08:30","modified_gmt":"2025-11-06T21:08:30","slug":"das-neue-album-seelenenergie-als-usb-stick-13-tracks","status":"publish","type":"product","link":"https:\/\/webshop-marcella-carin.de\/?product=das-neue-album-seelenenergie-als-usb-stick-13-tracks","title":{"rendered":"Das neue Album \u201eSeelenenergie&#8220;  <br> als USB-Stick (13 Tracks)"},"content":{"rendered":"<p>In dreizehn vielseitigen Titeln f\u00fchrt Marcella Carin ihre H\u00f6rer durch pr\u00e4gende und allt\u00e4gliche Lebensthemen.\u00a0Sie erz\u00e4hlt Geschichten aus dem echten Leben: von Liebe, innerer St\u00e4rke, vom Loslassen, von Zweifeln, von Dankbarkeit und dem Mut, eigene Wege zu gehen.<br \/>\nMit den Cover-Songs \u201eMit dir bleib ich f\u00fcr immer\u201c und \u201eCalifornia Blue\u201c sind zwei Duette mit dem S\u00e4nger Janis Nikos eingebettet, die f\u00fcr einen Hauch von griechischem Flair sorgen.<\/p>\n<p>Musikalisch verbindet das Album \u201eSeelenenergie\u201c modernen Schlager mit emotionaler Tiefe sowie Leichtigkeit, eing\u00e4ngigen Melodien und einer Stimme, die ber\u00fchrt.<\/p>\n","protected":false},"excerpt":{"rendered":"<p>Dieses Angebot bezieht sich auf den Kauf eines USB-Sticks.<\/p>\n<p>Der USB-Stick beinhaltet alle Tracks des Albums \u201eSeelenenergie&#8220;:<\/p>\n<ol>\n<li>\u00a0 Seelenenergie<\/li>\n<li>\u00a0 Jetzt und hier<\/li>\n<li>\u00a0 Das war nicht nur Liebe<\/li>\n<li>\u00a0 Ich bin wieder hier<\/li>\n<li>\u00a0 Mein Herz hat seinen eigenen Kopf<\/li>\n<li>\u00a0 Wie soll das gehn?<\/li>\n<li>\u00a0 Der Anfang unsrer Sterne<\/li>\n<li>\u00a0 Unbeschwert, verr\u00fcckt und frei<\/li>\n<li>\u00a0 Auf den Spuren des Gl\u00fccks<\/li>\n<li>\u00a0 Die Richtung stimmt<\/li>\n<li>\u00a0 Alles auf Herz<\/li>\n<li>\u00a0 Mit dir bleib ich f\u00fcr immer (Duett mit Janis Nikos)<\/li>\n<li>\u00a0 California Blue (Duett mit Janis Nikos)<\/li>\n<\/ol>\n<p>&nbsp;<\/p>\n","protected":false},"featured_media":592,"comment_status":"open","ping_status":"closed","template":"","meta":[],"product_brand":[],"product_cat":[20,16],"product_tag":[],"class_list":{"0":"post-591","1":"product","2":"type-product","3":"status-publish","4":"has-post-thumbnail","6":"product_cat-fanartikel","7":"product_cat-cds","8":"product_shipping_class-postbrief","10":"first","11":"instock","12":"taxable","13":"shipping-taxable","14":"purchasable","15":"product-type-simple"},"jetpack_sharing_enabled":true,"_links":{"self":[{"href":"https:\/\/webshop-marcella-carin.de\/index.php?rest_route=\/wp\/v2\/product\/591"}],"collection":[{"href":"https:\/\/webshop-marcella-carin.de\/index.php?rest_route=\/wp\/v2\/product"}],"about":[{"href":"https:\/\/webshop-marcella-carin.de\/index.php?rest_route=\/wp\/v2\/types\/product"}],"replies":[{"embeddable":true,"href":"https:\/\/webshop-marcella-carin.de\/index.php?rest_route=%2Fwp%2Fv2%2Fcomments&post=591"}],"wp:featuredmedia":[{"embeddable":true,"href":"https:\/\/webshop-marcella-carin.de\/index.php?rest_route=\/wp\/v2\/media\/592"}],"wp:attachment":[{"href":"https:\/\/webshop-marcella-carin.de\/index.php?rest_route=%2Fwp%2Fv2%2Fmedia&parent=591"}],"wp:term":[{"taxonomy":"product_brand","embeddable":true,"href":"https:\/\/webshop-marcella-carin.de\/index.php?rest_route=%2Fwp%2Fv2%2Fproduct_brand&post=591"},{"taxonomy":"product_cat","embeddable":true,"href":"https:\/\/webshop-marcella-carin.de\/index.php?rest_route=%2Fwp%2Fv2%2Fproduct_cat&post=591"},{"taxonomy":"product_tag","embeddable":true,"href":"https:\/\/webshop-marcella-carin.de\/index.php?rest_route=%2Fwp%2Fv2%2Fproduct_tag&post=591"}],"curies":[{"name":"wp","href":"https:\/\/api.w.org\/{rel}","templated":true}]}}