{"id":527,"date":"2024-04-10T22:03:34","date_gmt":"2024-04-10T20:03:34","guid":{"rendered":"https:\/\/webshop-marcella-carin.de\/?post_type=product&#038;p=527"},"modified":"2025-10-15T22:56:04","modified_gmt":"2025-10-15T20:56:04","slug":"wie-soll-das-gehn-single-cd-2024","status":"publish","type":"product","link":"https:\/\/webshop-marcella-carin.de\/?product=wie-soll-das-gehn-single-cd-2024","title":{"rendered":"Wie soll das gehn? <br>(Single CD)"},"content":{"rendered":"<p><strong>\u201eWie soll das gehn?\u201d<\/strong><\/p>\n<p>Das fragt sich die kesse und faszinierende S\u00e4ngerin<strong> MARCELLA CARIN<\/strong> in ihrem neuen pulsierenden Song, der zum 12.04.2024 aufgelegt wurde.<\/p>\n<p>In diesem energiegeladenen Track denkt sie dar\u00fcber nach, wie sie am besten die gesch\u00e4ftliche Abwesenheit ihres Partners \u00fcbersteht. Die L\u00f6sung ist \u00e4u\u00dferst interessant.<\/p>\n<p>Den Song gibt es auf allen Streaming-Portalen (Spotify, itunes, youtube-music, Deezer u.a.) als auch hier im <strong>Shop als CD zu kaufen<\/strong>.<\/p>\n<p>Wenn Sie <strong>&#8222;Streamen&#8220;<\/strong> bevorzugen, nehmen Sie <strong>Marcella Carin<\/strong> in Ihre <strong>Playliste<\/strong> auf und empfehlen Sie diese an Ihre Freunde und Bekannte.<\/p>\n","protected":false},"excerpt":{"rendered":"<p>Dieses Angebot bezieht sich auf den Kauf des<strong> physischen Tontr\u00e4gers<\/strong> zu dem Song &#8222;Wie soll das gehn?&#8220; als <strong>Single CD<\/strong>.<\/p>\n<p>Sie erhalten eine <strong>Tontr\u00e4ger-CD<\/strong> in einer kleinen Jewelbox. Das Produkt wird in einer Versandtasche an Sie auf den Weg gebracht. Dazu kommt eine Versandkostenpauschale von 2,00 \u20ac (inklusive Mwst.), sodass Ihnen <strong>insgesamt Kosten <\/strong>in H\u00f6he von <strong>7,00 \u20ac<\/strong> entstehen.<\/p>\n<p>Bei Versand in das au\u00dfereurop\u00e4ische Ausland kann die Versandkostenpauschale abweichen. Haben Sie kein Paypal-Konto, schreiben Sie uns eine E-Mail an office@cellarin.de. Wir finden dann einen anderen Zahlungsweg.<\/p>\n","protected":false},"featured_media":528,"comment_status":"closed","ping_status":"closed","template":"","meta":[],"product_brand":[],"product_cat":[16],"product_tag":[90,89,52,49,97,98,92,93,47,46,51,91,71,58,109,56,112,111],"class_list":{"0":"post-527","1":"product","2":"type-product","3":"status-publish","4":"has-post-thumbnail","6":"product_cat-cds","7":"product_tag-alles-auf-herz","8":"product_tag-das-war-nicht-nur-liebe","9":"product_tag-deutscher-schlager","10":"product_tag-flieger-in-den-sonnenuntergang","11":"product_tag-hit","12":"product_tag-hits","13":"product_tag-ich-frag-dich-nich-noch-mal","14":"product_tag-liebe","15":"product_tag-marcella","16":"product_tag-marcella-carin","17":"product_tag-schlager","18":"product_tag-schlager-fuer-alle","19":"product_tag-tausend-dank","20":"product_tag-wie-frei-willst-du-jetzt-sein","21":"product_tag-wie-soll-das-gehn","22":"product_tag-wunschkonzert","23":"product_tag-www-cellarin-de","24":"product_tag-www-marcella-carin-de","25":"product_shipping_class-postbrief","27":"first","28":"instock","29":"taxable","30":"shipping-taxable","31":"purchasable","32":"product-type-simple"},"jetpack_sharing_enabled":true,"_links":{"self":[{"href":"https:\/\/webshop-marcella-carin.de\/index.php?rest_route=\/wp\/v2\/product\/527"}],"collection":[{"href":"https:\/\/webshop-marcella-carin.de\/index.php?rest_route=\/wp\/v2\/product"}],"about":[{"href":"https:\/\/webshop-marcella-carin.de\/index.php?rest_route=\/wp\/v2\/types\/product"}],"replies":[{"embeddable":true,"href":"https:\/\/webshop-marcella-carin.de\/index.php?rest_route=%2Fwp%2Fv2%2Fcomments&post=527"}],"wp:featuredmedia":[{"embeddable":true,"href":"https:\/\/webshop-marcella-carin.de\/index.php?rest_route=\/wp\/v2\/media\/528"}],"wp:attachment":[{"href":"https:\/\/webshop-marcella-carin.de\/index.php?rest_route=%2Fwp%2Fv2%2Fmedia&parent=527"}],"wp:term":[{"taxonomy":"product_brand","embeddable":true,"href":"https:\/\/webshop-marcella-carin.de\/index.php?rest_route=%2Fwp%2Fv2%2Fproduct_brand&post=527"},{"taxonomy":"product_cat","embeddable":true,"href":"https:\/\/webshop-marcella-carin.de\/index.php?rest_route=%2Fwp%2Fv2%2Fproduct_cat&post=527"},{"taxonomy":"product_tag","embeddable":true,"href":"https:\/\/webshop-marcella-carin.de\/index.php?rest_route=%2Fwp%2Fv2%2Fproduct_tag&post=527"}],"curies":[{"name":"wp","href":"https:\/\/api.w.org\/{rel}","templated":true}]}}