{"id":505,"date":"2023-11-07T14:19:55","date_gmt":"2023-11-07T13:19:55","guid":{"rendered":"https:\/\/webshop-marcella-carin.de\/?post_type=product&#038;p=505"},"modified":"2025-10-15T22:56:51","modified_gmt":"2025-10-15T20:56:51","slug":"weihnachten-im-lichterglanz-single-cd-2023","status":"publish","type":"product","link":"https:\/\/webshop-marcella-carin.de\/?product=weihnachten-im-lichterglanz-single-cd-2023","title":{"rendered":"Weihnachten im Lichterglanz <br>(Single CD)"},"content":{"rendered":"<p>Im harmonischen 4\/4 Takt f\u00fchrt Euch Marcella Carin in bzw. durch die Weihnachts- und Adventszeit. Eine Zeit, die gepr\u00e4gt ist von Entschleunigung und dem bewussteren Erleben und Leben der menschlichen Werte.<\/p>\n<p>Den Song gibt es auf allen Streaming-Portalen (Spotify, itunes, youtube-music, Deezer u.a.) als auch hier, allerdings eng limitiert, im Shop als CD zu kaufen. Wenn Sie &#8222;Streamen&#8220; bevorzugen, nehmen Sie Marcella Carin in Ihre Playliste auf und verteilen Sie diese an Ihre Freunde und Bekannten.<\/p>\n","protected":false},"excerpt":{"rendered":"<p>Dieses Angebot bezieht sich auf den Kauf des physischen Tontr\u00e4gers zu dem Song &#8222;Weihnachten im Lichterglanz&#8220; von Marcella Carin als Single CD (V\u00d6-Termin: 17.11.2023). Die CD gibt es nur in eng limitierter Auflage.<\/p>\n<p>Mit diesem Titel erinnert Marcella Carin an die wohl sch\u00f6nste Zeit des Jahres. Wenn alles glitzert und strahlt, kehren Kindheitserinnerungen zur\u00fcck und wecken Sehns\u00fcchte nach Ruhe, Frieden und besinnlichem Zusammensein.<\/p>\n<p>Sie erhalten eine Tontr\u00e4ger-CD in einer kleinen Jewelbox. Das Produkt wird in einer Versandtasche an Sie auf den Weg gebracht. Dazu kommt eine Versandkostenpauschale von 2,00 \u20ac (inklusive Mwst.), sodass Ihnen <strong>insgesamt Kosten <\/strong>in H\u00f6he von<strong> 7,00 \u20ac<\/strong> entstehen.<\/p>\n<p>Bei Versand in das au\u00dfereurop\u00e4ische Ausland kann die Versandkostenpauschale abweichen. Haben Sie kein Paypal-Konto, schreiben Sie uns eine E-Mail an office@cellarin.de. Wir finden dann einen anderen Zahlungsweg.<\/p>\n","protected":false},"featured_media":506,"comment_status":"open","ping_status":"closed","template":"","meta":[],"product_brand":[],"product_cat":[16],"product_tag":[52,97,93,46,100,51,91,102,105,101,108],"class_list":{"0":"post-505","1":"product","2":"type-product","3":"status-publish","4":"has-post-thumbnail","6":"product_cat-cds","7":"product_tag-deutscher-schlager","8":"product_tag-hit","9":"product_tag-liebe","10":"product_tag-marcella-carin","11":"product_tag-marcellla-carin","12":"product_tag-schlager","13":"product_tag-schlager-fuer-alle","14":"product_tag-weihnachten-im-lichterglanz","15":"product_tag-weihnachtslied","16":"product_tag-weihnachtssong","17":"product_tag-weihnachtstitel","18":"product_shipping_class-postbrief","20":"first","21":"instock","22":"taxable","23":"shipping-taxable","24":"purchasable","25":"product-type-simple"},"jetpack_sharing_enabled":true,"_links":{"self":[{"href":"https:\/\/webshop-marcella-carin.de\/index.php?rest_route=\/wp\/v2\/product\/505"}],"collection":[{"href":"https:\/\/webshop-marcella-carin.de\/index.php?rest_route=\/wp\/v2\/product"}],"about":[{"href":"https:\/\/webshop-marcella-carin.de\/index.php?rest_route=\/wp\/v2\/types\/product"}],"replies":[{"embeddable":true,"href":"https:\/\/webshop-marcella-carin.de\/index.php?rest_route=%2Fwp%2Fv2%2Fcomments&post=505"}],"wp:featuredmedia":[{"embeddable":true,"href":"https:\/\/webshop-marcella-carin.de\/index.php?rest_route=\/wp\/v2\/media\/506"}],"wp:attachment":[{"href":"https:\/\/webshop-marcella-carin.de\/index.php?rest_route=%2Fwp%2Fv2%2Fmedia&parent=505"}],"wp:term":[{"taxonomy":"product_brand","embeddable":true,"href":"https:\/\/webshop-marcella-carin.de\/index.php?rest_route=%2Fwp%2Fv2%2Fproduct_brand&post=505"},{"taxonomy":"product_cat","embeddable":true,"href":"https:\/\/webshop-marcella-carin.de\/index.php?rest_route=%2Fwp%2Fv2%2Fproduct_cat&post=505"},{"taxonomy":"product_tag","embeddable":true,"href":"https:\/\/webshop-marcella-carin.de\/index.php?rest_route=%2Fwp%2Fv2%2Fproduct_tag&post=505"}],"curies":[{"name":"wp","href":"https:\/\/api.w.org\/{rel}","templated":true}]}}