{"id":500,"date":"2023-09-21T22:53:45","date_gmt":"2023-09-21T20:53:45","guid":{"rendered":"https:\/\/webshop-marcella-carin.de\/?post_type=product&#038;p=500"},"modified":"2025-04-09T22:31:19","modified_gmt":"2025-04-09T20:31:19","slug":"kugelschreiber-marcella-carin-mit-touchfunktion-farbe-gruen","status":"publish","type":"product","link":"https:\/\/webshop-marcella-carin.de\/?product=kugelschreiber-marcella-carin-mit-touchfunktion-farbe-gruen","title":{"rendered":"Kugelschreiber &#8222;Marcella Carin&#8220; mit Touchfunktion &#8211; Farbe gr\u00fcn"},"content":{"rendered":"<p>Stilvoller Kugelschreiber, schwarze Schriftfarbe, mattfarbenes Geh\u00e4use, Farbe dunkelgr\u00fcn, hochwertiger Aufdruck &#8222;Marcella Carin&#8220;, Softer Druckknopf mit Touchfunktion (z.B. zur Bedienung von Handys, Tablets etc.)<\/p>\n","protected":false},"excerpt":{"rendered":"<p>Kugelschreiber Marcella Carin in toller Optik und hervorragenden Schreibeigenschaften<\/p>\n","protected":false},"featured_media":501,"comment_status":"open","ping_status":"closed","template":"","meta":[],"product_brand":[],"product_cat":[20],"product_tag":[],"class_list":{"0":"post-500","1":"product","2":"type-product","3":"status-publish","4":"has-post-thumbnail","6":"product_cat-fanartikel","8":"first","9":"instock","10":"taxable","11":"shipping-taxable","12":"purchasable","13":"product-type-simple"},"jetpack_sharing_enabled":true,"_links":{"self":[{"href":"https:\/\/webshop-marcella-carin.de\/index.php?rest_route=\/wp\/v2\/product\/500"}],"collection":[{"href":"https:\/\/webshop-marcella-carin.de\/index.php?rest_route=\/wp\/v2\/product"}],"about":[{"href":"https:\/\/webshop-marcella-carin.de\/index.php?rest_route=\/wp\/v2\/types\/product"}],"replies":[{"embeddable":true,"href":"https:\/\/webshop-marcella-carin.de\/index.php?rest_route=%2Fwp%2Fv2%2Fcomments&post=500"}],"wp:featuredmedia":[{"embeddable":true,"href":"https:\/\/webshop-marcella-carin.de\/index.php?rest_route=\/wp\/v2\/media\/501"}],"wp:attachment":[{"href":"https:\/\/webshop-marcella-carin.de\/index.php?rest_route=%2Fwp%2Fv2%2Fmedia&parent=500"}],"wp:term":[{"taxonomy":"product_brand","embeddable":true,"href":"https:\/\/webshop-marcella-carin.de\/index.php?rest_route=%2Fwp%2Fv2%2Fproduct_brand&post=500"},{"taxonomy":"product_cat","embeddable":true,"href":"https:\/\/webshop-marcella-carin.de\/index.php?rest_route=%2Fwp%2Fv2%2Fproduct_cat&post=500"},{"taxonomy":"product_tag","embeddable":true,"href":"https:\/\/webshop-marcella-carin.de\/index.php?rest_route=%2Fwp%2Fv2%2Fproduct_tag&post=500"}],"curies":[{"name":"wp","href":"https:\/\/api.w.org\/{rel}","templated":true}]}}