{"id":489,"date":"2023-09-21T23:00:08","date_gmt":"2023-09-21T21:00:08","guid":{"rendered":"https:\/\/webshop-marcella-carin.de\/?post_type=product&#038;p=489"},"modified":"2025-10-15T22:57:33","modified_gmt":"2025-10-15T20:57:33","slug":"das-war-nicht-nur-liebe-single-cd","status":"publish","type":"product","link":"https:\/\/webshop-marcella-carin.de\/?product=das-war-nicht-nur-liebe-single-cd","title":{"rendered":"Das war nicht nur Liebe <br>(Single CD)"},"content":{"rendered":"<p>Ein rhythmischer und tanzbarer Song im 4\/4-Takt von Marcella Carin. Sie berichtet von ihren\u00a0 Wahrnehmungen, Erwartungen und den Gef\u00fchlen einer Liebe, die beide Parteien mehr als erf\u00fcllt haben, bis sich das Ganze langsam aufl\u00f6ste. Im Refrain h\u00e4lt sie R\u00fcckblick auf Vergangenes. Dabei wird der Song immer kr\u00e4ftiger und ausdrucksvoller. Man f\u00fchlt es f\u00f6rmlich. Diese Liebe scheint noch nicht abgeschlossen. Denn so viel Kraft, kann nur Liebe auf die Spur bringen.<\/p>\n<p>Den Song gibt es auf allen Streaming-Portalen (Spotify, itunes, youtube-music, Deezer u.a.) als auch hier im Shop als CD zu kaufen. Wenn Sie &#8222;Streamen&#8220; bevorzugen, nehmen Sie Marcella Carin in Ihre Playliste auf und verteilen Sie diese an Ihre Freunde und Bekannten.<\/p>\n","protected":false},"excerpt":{"rendered":"<p>Dieses Angebot bezieht sich auf den Kauf des physischen Tontr\u00e4gers zu dem Song &#8222;Das war nicht nur Liebe&#8220; als Single CD.<\/p>\n<p>Marcella Carin beschreibt in diesem Song die einzigartige Magie zwischen zwei Menschen, die die Dimensionen der Liebe geradezu \u00fcberschreitet. Es war Liebe, wie nicht von dieser Welt. Ein ausdrucksvoller, dynamischer und kraftvoller Song. Wie gro\u00df muss da die Liebe (gewesen) sein?<\/p>\n<p>Sie erhalten eine Tontr\u00e4ger-CD in einer kleinen Jewelbox. Das Produkt wird in einer Versandtasche an Sie auf den Weg gebracht. Dazu kommt eine Versandkostenpauschale von 2,00 \u20ac (inklusive Mwst.), sodass Ihnen <strong>insgesamt Kosten <\/strong>in H\u00f6he von<strong> 6,99 \u20ac<\/strong> entstehen.<\/p>\n<p>Bei Versand in das au\u00dfereurop\u00e4ische Ausland kann die Versandkostenpauschale abweichen. Haben Sie kein Paypal-Konto, schreiben Sie uns eine E-Mail an office@cellarin.de. Wir finden dann einen anderen Zahlungsweg.<\/p>\n","protected":false},"featured_media":492,"comment_status":"open","ping_status":"closed","template":"","meta":[],"product_brand":[],"product_cat":[16],"product_tag":[90,95,99,89,52,49,98,92,93,46,51,91,71,58,56],"class_list":{"0":"post-489","1":"product","2":"type-product","3":"status-publish","4":"has-post-thumbnail","6":"product_cat-cds","7":"product_tag-alles-auf-herz","8":"product_tag-das-ist-liebe","9":"product_tag-das-war-liebe","10":"product_tag-das-war-nicht-nur-liebe","11":"product_tag-deutscher-schlager","12":"product_tag-flieger-in-den-sonnenuntergang","13":"product_tag-hits","14":"product_tag-ich-frag-dich-nich-noch-mal","15":"product_tag-liebe","16":"product_tag-marcella-carin","17":"product_tag-schlager","18":"product_tag-schlager-fuer-alle","19":"product_tag-tausend-dank","20":"product_tag-wie-frei-willst-du-jetzt-sein","21":"product_tag-wunschkonzert","22":"product_shipping_class-postbrief","24":"first","25":"instock","26":"taxable","27":"shipping-taxable","28":"purchasable","29":"product-type-simple"},"jetpack_sharing_enabled":true,"_links":{"self":[{"href":"https:\/\/webshop-marcella-carin.de\/index.php?rest_route=\/wp\/v2\/product\/489"}],"collection":[{"href":"https:\/\/webshop-marcella-carin.de\/index.php?rest_route=\/wp\/v2\/product"}],"about":[{"href":"https:\/\/webshop-marcella-carin.de\/index.php?rest_route=\/wp\/v2\/types\/product"}],"replies":[{"embeddable":true,"href":"https:\/\/webshop-marcella-carin.de\/index.php?rest_route=%2Fwp%2Fv2%2Fcomments&post=489"}],"wp:featuredmedia":[{"embeddable":true,"href":"https:\/\/webshop-marcella-carin.de\/index.php?rest_route=\/wp\/v2\/media\/492"}],"wp:attachment":[{"href":"https:\/\/webshop-marcella-carin.de\/index.php?rest_route=%2Fwp%2Fv2%2Fmedia&parent=489"}],"wp:term":[{"taxonomy":"product_brand","embeddable":true,"href":"https:\/\/webshop-marcella-carin.de\/index.php?rest_route=%2Fwp%2Fv2%2Fproduct_brand&post=489"},{"taxonomy":"product_cat","embeddable":true,"href":"https:\/\/webshop-marcella-carin.de\/index.php?rest_route=%2Fwp%2Fv2%2Fproduct_cat&post=489"},{"taxonomy":"product_tag","embeddable":true,"href":"https:\/\/webshop-marcella-carin.de\/index.php?rest_route=%2Fwp%2Fv2%2Fproduct_tag&post=489"}],"curies":[{"name":"wp","href":"https:\/\/api.w.org\/{rel}","templated":true}]}}