{"id":44,"date":"2014-04-05T10:05:34","date_gmt":"2014-04-05T08:05:34","guid":{"rendered":"http:\/\/192.168.1.109\/?post_type=product&#038;p=44"},"modified":"2025-04-09T22:42:51","modified_gmt":"2025-04-09T20:42:51","slug":"polo-t-shirt-marcella-carin","status":"publish","type":"product","link":"https:\/\/webshop-marcella-carin.de\/?product=polo-t-shirt-marcella-carin","title":{"rendered":"Polo-T-Shirt &#8222;Marcella Carin&#8220;"},"content":{"rendered":"<p>Exklusives Polo T-Shirt, Farbe wei\u00df, 100 % Baumwolle, mit 4-farbigem Bildaufdruck &#8222;Marcella Carin&#8220; auf der R\u00fcckseite, Aufdruck Vorderseite in Farbe Anthrazit: Marcella Carin &#8211; Unwiderstehlich<\/p>\n<p>lieferbar in Gr\u00f6\u00dfen: M, L, XL, 2XL, 3XL, Umtausch ausgeschlossen.<br \/>\nGr\u00f6\u00dfe S aktuell ausverkauft.<\/p>\n<p><strong><br \/>\nBitte die Konfektionsgr\u00f6\u00dfe per E-Mail an &#8222;office@cellarin.de&#8220; durchgeben.<\/strong><\/p>\n<p>&nbsp;<\/p>\n<p>Dieses Produkt wird nur so lange vorr\u00e4tig verkauft. Ggf. sind Wartezeiten m\u00f6glich. In dem Fall, werden Sie davon per E-Mail informiert.<\/p>\n","protected":false},"excerpt":{"rendered":"<p>Exklusives Polo T-Shirt, Farbe wei\u00df, 100 % Baumwolle, mit 4-farbigem Bildaufdruck &#8222;Marcella Carin&#8220; auf der R\u00fcckseite, Aufdruck Vorderseite in Farbe Anthrazit: Marcella Carin &#8211; Unwiderstehlich lieferbar in Gr\u00f6\u00dfen: M, L, XL, 2XL, 3XL, Umtausch ausgeschlossen. Gr\u00f6\u00dfe S aktuell ausverkauft. Bitte die Konfektionsgr\u00f6\u00dfe per E-Mail an &#8222;office@cellarin.de&#8220; durchgeben. &nbsp; Dieses Produkt wird nur so lange vorr\u00e4tig [&hellip;]<\/p>\n","protected":false},"featured_media":45,"comment_status":"open","ping_status":"closed","template":"","meta":[],"product_brand":[],"product_cat":[20],"product_tag":[],"class_list":{"0":"post-44","1":"product","2":"type-product","3":"status-publish","4":"has-post-thumbnail","6":"product_cat-fanartikel","7":"product_shipping_class-paeckchen","9":"first","10":"instock","11":"taxable","12":"shipping-taxable","13":"purchasable","14":"product-type-simple"},"jetpack_sharing_enabled":true,"_links":{"self":[{"href":"https:\/\/webshop-marcella-carin.de\/index.php?rest_route=\/wp\/v2\/product\/44"}],"collection":[{"href":"https:\/\/webshop-marcella-carin.de\/index.php?rest_route=\/wp\/v2\/product"}],"about":[{"href":"https:\/\/webshop-marcella-carin.de\/index.php?rest_route=\/wp\/v2\/types\/product"}],"replies":[{"embeddable":true,"href":"https:\/\/webshop-marcella-carin.de\/index.php?rest_route=%2Fwp%2Fv2%2Fcomments&post=44"}],"wp:featuredmedia":[{"embeddable":true,"href":"https:\/\/webshop-marcella-carin.de\/index.php?rest_route=\/wp\/v2\/media\/45"}],"wp:attachment":[{"href":"https:\/\/webshop-marcella-carin.de\/index.php?rest_route=%2Fwp%2Fv2%2Fmedia&parent=44"}],"wp:term":[{"taxonomy":"product_brand","embeddable":true,"href":"https:\/\/webshop-marcella-carin.de\/index.php?rest_route=%2Fwp%2Fv2%2Fproduct_brand&post=44"},{"taxonomy":"product_cat","embeddable":true,"href":"https:\/\/webshop-marcella-carin.de\/index.php?rest_route=%2Fwp%2Fv2%2Fproduct_cat&post=44"},{"taxonomy":"product_tag","embeddable":true,"href":"https:\/\/webshop-marcella-carin.de\/index.php?rest_route=%2Fwp%2Fv2%2Fproduct_tag&post=44"}],"curies":[{"name":"wp","href":"https:\/\/api.w.org\/{rel}","templated":true}]}}