{"id":342,"date":"2021-09-24T00:02:27","date_gmt":"2021-09-23T22:02:27","guid":{"rendered":"https:\/\/webshop.marcella-carin.de\/?post_type=product&#038;p=342"},"modified":"2025-10-15T23:08:47","modified_gmt":"2025-10-15T21:08:47","slug":"wunschkonzert","status":"publish","type":"product","link":"https:\/\/webshop-marcella-carin.de\/?product=wunschkonzert","title":{"rendered":"Album \u201eWunschkonzert&#8220; <br>als CD (15 Tracks)"},"content":{"rendered":"<p>Es handelt sich um eine vielseitige Sammlung von sch\u00f6nen, mitrei\u00dfenden und neuen Songs im traditionellen Schlager-Beat und bewegendem Gesang aus. Inhaltlich werden Situationen aus dem Alltag, die Liebe, Fernbeziehung, Trennung oder Sehnsucht nach Urlaub im sonnigen S\u00fcden beschrieben. In einer ber\u00fchrenden Ballade skizziert sie das Trauma, das einen erfasst, wenn man einen geliebten Menschen verliert.\u00a0 Ferner beschreibt sie die Heimat der wilden Pferde in der Camargue, zaubert den Sommer im Samba-Rhythmus herbei und entf\u00fchrt sie ins Paradies. Selbst an eine \u201eDankeshymne\u201c an ihre Freunde und Schlagerfans hat sie gedacht.<\/p>\n<p>\u201eWunschkonzert\u201c bietet ein breites musikalisches Spektrum mit dem Marcella Carin keine Publikumsw\u00fcnsche offen l\u00e4sst. Es ist nicht nur ein gelungenes und abwechslungsreiches Album, sondern erste Sahne mit einigen hitverd\u00e4chtigen Titeln.<\/p>\n","protected":false},"excerpt":{"rendered":"<p>Das brandneue Album von Marcella Carin wurde am 24.09.2021 ver\u00f6ffentlicht. Dieses Angebot bezieht sich auf den Kauf einer CD als Tontr\u00e4ger.<\/p>\n<p>Diverse Titel k\u00f6nnt Ihr auf der Homepage <a href=\"https:'\/\/www.marcella-carin.de\"><span style=\"color: #0000ff;\">www.marcella-carin.de<\/span><\/a> oder auf der Verlagshomepage <span style=\"color: #0000ff;\"><a style=\"color: #0000ff;\" href=\"https:\/\/www.cellarin.de\">www.cellarin.de<\/a><\/span> jeweils kurz anh\u00f6ren. Folgende Tracks sind auf dem Album:<\/p>\n<ol>\n<li>\u00a0 Flieger in den Sonnenuntergang<\/li>\n<li>\u00a0 Wie frei willst Du jetzt sein<\/li>\n<li>\u00a0 Das Leben ist kein Wunschkonzert<\/li>\n<li>\u00a0 Fl\u00fcgelschl\u00e4ge der Liebe<\/li>\n<li>\u00a0 Wie ein Tsunami<\/li>\n<li>\u00a0 Du bedeutest mir so viel<\/li>\n<li>\u00a0 Dein letzter Weg<\/li>\n<li>\u00a0 Schokolade zum Fr\u00fchst\u00fcck<\/li>\n<li>\u00a0 Unser Sommersong<\/li>\n<li>\u00a0 Ich frag Dich nicht nochmal<\/li>\n<li>\u00a0 Land der wilden Pferde<\/li>\n<li>\u00a0 Mit Lichtgeschwindigkeit durchs Leben<\/li>\n<li>\u00a0 Zum Gl\u00fcck<\/li>\n<li>\u00a0 Einmal durchs Paradies<\/li>\n<li>\u00a0 Tausend Dank.<\/li>\n<\/ol>\n<p>Hier noch die kurze <a href=\"https:\/\/webshop-marcella-carin.de\/wp-content\/uploads\/2021\/09\/Albumbeschreibung-Wunschkonzert_Marcella_Carin.pdf\">Albumbeschreibung.<\/a><\/p>\n","protected":false},"featured_media":347,"comment_status":"open","ping_status":"closed","template":"","meta":[],"product_brand":[],"product_cat":[16],"product_tag":[59,63,52,62,70,49,60,66,67,46,68,51,64,71,65,61,58,56,69],"class_list":{"0":"post-342","1":"product","2":"type-product","3":"status-publish","4":"has-post-thumbnail","6":"product_cat-cds","7":"product_tag-das-leben-ist-kein-wunschkonzert","8":"product_tag-dein-letzter-weg","9":"product_tag-deutscher-schlager","10":"product_tag-du-bedeutest-mir-so-viel","11":"product_tag-einmal-durchs-paradies","12":"product_tag-flieger-in-den-sonnenuntergang","13":"product_tag-fluegelschlaege-der-liebe","14":"product_tag-ich-frag-dich-nicht-nochmal","15":"product_tag-land-der-wilden-pferde","16":"product_tag-marcella-carin","17":"product_tag-mit-lichtgeschwindigkeit-durchs-leben","18":"product_tag-schlager","19":"product_tag-schokolade-zum-fruehstueck","20":"product_tag-tausend-dank","21":"product_tag-unser-sommersong","22":"product_tag-wie-ein-tsunami","23":"product_tag-wie-frei-willst-du-jetzt-sein","24":"product_tag-wunschkonzert","25":"product_tag-zum-glueck","26":"product_shipping_class-postbrief","28":"first","29":"instock","30":"taxable","31":"shipping-taxable","32":"purchasable","33":"product-type-simple"},"jetpack_sharing_enabled":true,"_links":{"self":[{"href":"https:\/\/webshop-marcella-carin.de\/index.php?rest_route=\/wp\/v2\/product\/342"}],"collection":[{"href":"https:\/\/webshop-marcella-carin.de\/index.php?rest_route=\/wp\/v2\/product"}],"about":[{"href":"https:\/\/webshop-marcella-carin.de\/index.php?rest_route=\/wp\/v2\/types\/product"}],"replies":[{"embeddable":true,"href":"https:\/\/webshop-marcella-carin.de\/index.php?rest_route=%2Fwp%2Fv2%2Fcomments&post=342"}],"wp:featuredmedia":[{"embeddable":true,"href":"https:\/\/webshop-marcella-carin.de\/index.php?rest_route=\/wp\/v2\/media\/347"}],"wp:attachment":[{"href":"https:\/\/webshop-marcella-carin.de\/index.php?rest_route=%2Fwp%2Fv2%2Fmedia&parent=342"}],"wp:term":[{"taxonomy":"product_brand","embeddable":true,"href":"https:\/\/webshop-marcella-carin.de\/index.php?rest_route=%2Fwp%2Fv2%2Fproduct_brand&post=342"},{"taxonomy":"product_cat","embeddable":true,"href":"https:\/\/webshop-marcella-carin.de\/index.php?rest_route=%2Fwp%2Fv2%2Fproduct_cat&post=342"},{"taxonomy":"product_tag","embeddable":true,"href":"https:\/\/webshop-marcella-carin.de\/index.php?rest_route=%2Fwp%2Fv2%2Fproduct_tag&post=342"}],"curies":[{"name":"wp","href":"https:\/\/api.w.org\/{rel}","templated":true}]}}