{"id":31,"date":"2013-10-09T09:47:51","date_gmt":"2013-10-09T07:47:51","guid":{"rendered":"http:\/\/192.168.1.109\/?post_type=product&#038;p=31"},"modified":"2025-10-15T23:09:40","modified_gmt":"2025-10-15T21:09:40","slug":"die-liebe-schenkt-uns-fluegel-single-2-tracks","status":"publish","type":"product","link":"https:\/\/webshop-marcella-carin.de\/?product=die-liebe-schenkt-uns-fluegel-single-2-tracks","title":{"rendered":"Die Liebe schenkt uns Fl\u00fcgel (Single CD)"},"content":{"rendered":"<p class=\"visible full-visible\">Diese Single vom Herbst 2012 tr\u00e4gt den Titel \u201cDie Liebe schenkt uns Fl\u00fcgel\u201d und beschreibt wie bewegend, verf\u00fchrerisch und zweifelnd es ist, sich auf das Abenteuer Liebe einzulassen \u2013 sich dann aber doch in sanfter Kraft frei zu schwingen um in ungeahnte Sph\u00e4ren zu gelangen.<\/p>\n<p class=\"visible full-visible\">\u201cDie Liebe schenkt uns Fl\u00fcgel\u201c, sinnlich, verf\u00fchrerisch und sch\u00f6n!<\/p>\n","protected":false},"excerpt":{"rendered":"<p>Dieses Album nimmt Dich mit auf eine musikalische Reise rund um das Thema Liebe, Gl\u00fcck, Sehnsucht und Entt\u00e4uschung. Mit viel Gef\u00fchl und Power, mal peppig-poppig, mal frech oder im knackigen und modernen Schlagerrhytmus. Hier ist f\u00fcr jeden etwas dabei.<\/p>\n","protected":false},"featured_media":32,"comment_status":"open","ping_status":"closed","template":"","meta":[],"product_brand":[],"product_cat":[16],"product_tag":[],"class_list":{"0":"post-31","1":"product","2":"type-product","3":"status-publish","4":"has-post-thumbnail","6":"product_cat-cds","7":"product_shipping_class-postbrief","9":"first","10":"instock","11":"taxable","12":"shipping-taxable","13":"purchasable","14":"product-type-simple"},"jetpack_sharing_enabled":true,"_links":{"self":[{"href":"https:\/\/webshop-marcella-carin.de\/index.php?rest_route=\/wp\/v2\/product\/31"}],"collection":[{"href":"https:\/\/webshop-marcella-carin.de\/index.php?rest_route=\/wp\/v2\/product"}],"about":[{"href":"https:\/\/webshop-marcella-carin.de\/index.php?rest_route=\/wp\/v2\/types\/product"}],"replies":[{"embeddable":true,"href":"https:\/\/webshop-marcella-carin.de\/index.php?rest_route=%2Fwp%2Fv2%2Fcomments&post=31"}],"wp:featuredmedia":[{"embeddable":true,"href":"https:\/\/webshop-marcella-carin.de\/index.php?rest_route=\/wp\/v2\/media\/32"}],"wp:attachment":[{"href":"https:\/\/webshop-marcella-carin.de\/index.php?rest_route=%2Fwp%2Fv2%2Fmedia&parent=31"}],"wp:term":[{"taxonomy":"product_brand","embeddable":true,"href":"https:\/\/webshop-marcella-carin.de\/index.php?rest_route=%2Fwp%2Fv2%2Fproduct_brand&post=31"},{"taxonomy":"product_cat","embeddable":true,"href":"https:\/\/webshop-marcella-carin.de\/index.php?rest_route=%2Fwp%2Fv2%2Fproduct_cat&post=31"},{"taxonomy":"product_tag","embeddable":true,"href":"https:\/\/webshop-marcella-carin.de\/index.php?rest_route=%2Fwp%2Fv2%2Fproduct_tag&post=31"}],"curies":[{"name":"wp","href":"https:\/\/api.w.org\/{rel}","templated":true}]}}