{"id":308,"date":"2021-05-15T11:04:42","date_gmt":"2021-05-15T09:04:42","guid":{"rendered":"https:\/\/webshop.marcella-carin.de\/?post_type=product&#038;p=308"},"modified":"2025-10-15T23:05:08","modified_gmt":"2025-10-15T21:05:08","slug":"durch-die-nacht","status":"publish","type":"product","link":"https:\/\/webshop-marcella-carin.de\/?product=durch-die-nacht","title":{"rendered":"Durch die Nacht <br> (Single CD)"},"content":{"rendered":"<p>Die Erstver\u00f6ffentlichung des Songs erfolgte am 15.5.20219. Der erste Song im neuen Tonstudio von Gerd Lorenz (TSL)<\/p>\n","protected":false},"excerpt":{"rendered":"<p>Im gut tanzbaren Schlager-Rhythmus meldet sich Marcella Carin mit ihrer neuen Single \u201eDurch die Nacht\u201c nach Beendigung des Studiums bei ihren Freunden und Fans der Schlagerwelt wieder zur\u00fcck. Endlich, werden viele sagen.<\/p>\n<p>Freudig, gef\u00fchlvoll und mit Leidenschaft fasst sie ihre jugendlichen Erfahrungen und die jeder jungen Generation beim Streben nach Neuem, Freiheit, Party und anderen Gen\u00fcssen im Vers zusammen. Im Refrain erf\u00e4hrt der H\u00f6rer, dass die Liebe auch ihre Welt auf den Kopf gestellt hat.<\/p>\n<p>Sch\u00f6n, werden all jene einstimmen, die dieses Gef\u00fchl schon selbst erlebt haben und die eine klare und frei schwebende Stimme m\u00f6gen.<\/p>\n","protected":false},"featured_media":309,"comment_status":"open","ping_status":"closed","template":"","meta":[],"product_brand":[],"product_cat":[16],"product_tag":[52,46,51],"class_list":{"0":"post-308","1":"product","2":"type-product","3":"status-publish","4":"has-post-thumbnail","6":"product_cat-cds","7":"product_tag-deutscher-schlager","8":"product_tag-marcella-carin","9":"product_tag-schlager","10":"product_shipping_class-postbrief","12":"first","13":"instock","14":"taxable","15":"shipping-taxable","16":"purchasable","17":"product-type-simple"},"jetpack_sharing_enabled":true,"_links":{"self":[{"href":"https:\/\/webshop-marcella-carin.de\/index.php?rest_route=\/wp\/v2\/product\/308"}],"collection":[{"href":"https:\/\/webshop-marcella-carin.de\/index.php?rest_route=\/wp\/v2\/product"}],"about":[{"href":"https:\/\/webshop-marcella-carin.de\/index.php?rest_route=\/wp\/v2\/types\/product"}],"replies":[{"embeddable":true,"href":"https:\/\/webshop-marcella-carin.de\/index.php?rest_route=%2Fwp%2Fv2%2Fcomments&post=308"}],"wp:featuredmedia":[{"embeddable":true,"href":"https:\/\/webshop-marcella-carin.de\/index.php?rest_route=\/wp\/v2\/media\/309"}],"wp:attachment":[{"href":"https:\/\/webshop-marcella-carin.de\/index.php?rest_route=%2Fwp%2Fv2%2Fmedia&parent=308"}],"wp:term":[{"taxonomy":"product_brand","embeddable":true,"href":"https:\/\/webshop-marcella-carin.de\/index.php?rest_route=%2Fwp%2Fv2%2Fproduct_brand&post=308"},{"taxonomy":"product_cat","embeddable":true,"href":"https:\/\/webshop-marcella-carin.de\/index.php?rest_route=%2Fwp%2Fv2%2Fproduct_cat&post=308"},{"taxonomy":"product_tag","embeddable":true,"href":"https:\/\/webshop-marcella-carin.de\/index.php?rest_route=%2Fwp%2Fv2%2Fproduct_tag&post=308"}],"curies":[{"name":"wp","href":"https:\/\/api.w.org\/{rel}","templated":true}]}}