{"id":183,"date":"2021-01-02T13:07:49","date_gmt":"2021-01-02T12:07:49","guid":{"rendered":"https:\/\/webshop.marcella-carin.de\/?post_type=product&#038;p=183"},"modified":"2023-03-02T18:08:36","modified_gmt":"2023-03-02T17:08:36","slug":"mega-schlagerfeuerwerk-vol-1-sampler-20-tracks","status":"publish","type":"product","link":"https:\/\/webshop-marcella-carin.de\/?product=mega-schlagerfeuerwerk-vol-1-sampler-20-tracks","title":{"rendered":"Mega Schlagerfeuerwerk Vol.1 (Sampler, 20 Tracks)"},"content":{"rendered":"<p style=\"text-align: left;\"><strong>Label:<\/strong> TSL Records, Labelcode: LC 50440<\/p>\n<p><b>Copyright:<\/b>\u00a0\u2117\u00a9 2020 TSL Records<\/p>\n<p><b>Gesamtl\u00e4nge:<\/b>\u00a01:12:04<\/p>\n<p><strong>Trackliste<\/strong>:<\/p>\n<ol>\n<li>De Lancaster \u2013 Du hast ihre Augen<\/li>\n<li>Alena \u2013 Halt doch mal die Luft an<\/li>\n<li>Hansy Vogt \u2013 Schlag auf Schlager<\/li>\n<li>Sawa \u2013 Total verr\u00fcckt nach Dir<\/li>\n<li>Andy Sch\u00e4fer \u2013 Wolke 7<\/li>\n<li>Oliver Frank \u2013 Wie ein Blitz<\/li>\n<li>Lorena \u2013 Alles nur weil ich Dich liebe<\/li>\n<li>Myke van Hyke \u2013 K\u00f6nigin<\/li>\n<li>Stefan Laier \u2013 Wenn du gehst<\/li>\n<li>Brillant \u2013 Komm mit nach Kroatien<\/li>\n<li>Rabbits \u2013 Sommernacht am Meer<\/li>\n<li>Albert &amp; Andrea \u2013 Geh doch am Gl\u00fcck nicht vorbei<\/li>\n<li>Lou Hoffner \u2013 Sternenstaub<\/li>\n<li>Robin Kaiser \u2013 Im Labyrinth der Liebe<\/li>\n<li>Bellissa \u2013 Sie nennt es Liebe<\/li>\n<li>Capt`n Knallermann \u2013 Der Himmel hat kein Bier<\/li>\n<li>Marcella Carin \u2013 Schokolade zum Fr\u00fchst\u00fcck<\/li>\n<li>Jacky P. \u2013 Mein Romeo<\/li>\n<li>Sascha Then \u2013 Vergiss mich doch<\/li>\n<li>Michael Gierk \u2013 Im Himmel sehn wir uns wieder<\/li>\n<\/ol>\n<p>Ich w\u00fcnsche viel Spass!<\/p>\n","protected":false},"excerpt":{"rendered":"<p>erste Hit-Compilation bekannter und aufstrebender Schlagerinterpreten. In dieser etwas seltsamen Zeit, in der die K\u00fcnstler keine Auftritte haben und so ihre Lieder nicht den Fans live pr\u00e4sentieren k\u00f6nnen und umgekehrt die Fans ohne ihre K\u00fcnstlerlieblinge auskommen m\u00fcssen, haben die Interpreten mit ihren Produzenten zusammen diese Fan-CD entwickelt.<\/p>\n","protected":false},"featured_media":184,"comment_status":"open","ping_status":"closed","template":"","meta":[],"product_brand":[],"product_cat":[16],"product_tag":[21],"class_list":{"0":"post-183","1":"product","2":"type-product","3":"status-publish","4":"has-post-thumbnail","6":"product_cat-cds","7":"product_tag-cd","8":"product_shipping_class-postbrief","10":"first","11":"instock","12":"featured","13":"taxable","14":"shipping-taxable","15":"purchasable","16":"product-type-simple"},"jetpack_sharing_enabled":true,"_links":{"self":[{"href":"https:\/\/webshop-marcella-carin.de\/index.php?rest_route=\/wp\/v2\/product\/183"}],"collection":[{"href":"https:\/\/webshop-marcella-carin.de\/index.php?rest_route=\/wp\/v2\/product"}],"about":[{"href":"https:\/\/webshop-marcella-carin.de\/index.php?rest_route=\/wp\/v2\/types\/product"}],"replies":[{"embeddable":true,"href":"https:\/\/webshop-marcella-carin.de\/index.php?rest_route=%2Fwp%2Fv2%2Fcomments&post=183"}],"wp:featuredmedia":[{"embeddable":true,"href":"https:\/\/webshop-marcella-carin.de\/index.php?rest_route=\/wp\/v2\/media\/184"}],"wp:attachment":[{"href":"https:\/\/webshop-marcella-carin.de\/index.php?rest_route=%2Fwp%2Fv2%2Fmedia&parent=183"}],"wp:term":[{"taxonomy":"product_brand","embeddable":true,"href":"https:\/\/webshop-marcella-carin.de\/index.php?rest_route=%2Fwp%2Fv2%2Fproduct_brand&post=183"},{"taxonomy":"product_cat","embeddable":true,"href":"https:\/\/webshop-marcella-carin.de\/index.php?rest_route=%2Fwp%2Fv2%2Fproduct_cat&post=183"},{"taxonomy":"product_tag","embeddable":true,"href":"https:\/\/webshop-marcella-carin.de\/index.php?rest_route=%2Fwp%2Fv2%2Fproduct_tag&post=183"}],"curies":[{"name":"wp","href":"https:\/\/api.w.org\/{rel}","templated":true}]}}