{"id":12,"date":"2014-06-14T09:21:03","date_gmt":"2014-06-14T07:21:03","guid":{"rendered":"http:\/\/192.168.1.109\/?post_type=product&#038;p=12"},"modified":"2025-10-15T23:08:27","modified_gmt":"2025-10-15T21:08:27","slug":"unwiderstehlich-album-13-tracks","status":"publish","type":"product","link":"https:\/\/webshop-marcella-carin.de\/?product=unwiderstehlich-album-13-tracks","title":{"rendered":"Album \u201eUnwiderstehlich&#8220; <br> als CD (13 Tracks)"},"content":{"rendered":"<p>Dieses Album nimmt Dich mit auf eine musikalische Reise rund um das Thema Liebe, Gl\u00fcck, Sehnsucht und Entt\u00e4uschung. Mit viel Gef\u00fchl und Power, mal peppig-poppig, mal frech oder im knackigen und modernen Schlagerrhythmus. Hier ist f\u00fcr jeden etwas dabei.<\/p>\n<p><u>Die Tracks im Einzelnen<\/u><\/p>\n<ol>\n<li>Ich bin verr\u00fcckt nach Dir<\/li>\n<li>Unwiderstehlich<\/li>\n<li>Wenn du gehst<\/li>\n<li>Rette mich<\/li>\n<li>Die Liebe schenkt uns Fl\u00fcgel<\/li>\n<li>Ganz Paris ist eine S\u00fcnde wert<\/li>\n<li>Heute Nacht<\/li>\n<li>Wir griffen nach der Ewigkeit<\/li>\n<li>Sommertraum<\/li>\n<li>Lass mich in dein Herz<\/li>\n<li>Sonnenfeuer<\/li>\n<li>Wei\u00dft du wie es ist<\/li>\n<li>Rette mich (Clubmix)<\/li>\n<\/ol>\n<p>&nbsp;<\/p>\n<p>Ich w\u00fcnsche viel Spass!<\/p>\n","protected":false},"excerpt":{"rendered":"<p>Dieses Album nimmt Dich mit auf eine musikalische Reise rund um das Thema Liebe, Gl\u00fcck, Sehnsucht und Entt\u00e4uschung. Mit viel Gef\u00fchl und Power, mal peppig-poppig, mal frech oder im knackigen und modernen Schlagerrhytmus. Hier ist f\u00fcr jeden etwas dabei.<\/p>\n","protected":false},"featured_media":13,"comment_status":"open","ping_status":"closed","template":"","meta":[],"product_brand":[],"product_cat":[16],"product_tag":[21],"class_list":{"0":"post-12","1":"product","2":"type-product","3":"status-publish","4":"has-post-thumbnail","6":"product_cat-cds","7":"product_tag-cd","8":"product_shipping_class-postbrief","10":"first","11":"instock","12":"featured","13":"taxable","14":"shipping-taxable","15":"purchasable","16":"product-type-simple"},"jetpack_sharing_enabled":true,"_links":{"self":[{"href":"https:\/\/webshop-marcella-carin.de\/index.php?rest_route=\/wp\/v2\/product\/12"}],"collection":[{"href":"https:\/\/webshop-marcella-carin.de\/index.php?rest_route=\/wp\/v2\/product"}],"about":[{"href":"https:\/\/webshop-marcella-carin.de\/index.php?rest_route=\/wp\/v2\/types\/product"}],"replies":[{"embeddable":true,"href":"https:\/\/webshop-marcella-carin.de\/index.php?rest_route=%2Fwp%2Fv2%2Fcomments&post=12"}],"wp:featuredmedia":[{"embeddable":true,"href":"https:\/\/webshop-marcella-carin.de\/index.php?rest_route=\/wp\/v2\/media\/13"}],"wp:attachment":[{"href":"https:\/\/webshop-marcella-carin.de\/index.php?rest_route=%2Fwp%2Fv2%2Fmedia&parent=12"}],"wp:term":[{"taxonomy":"product_brand","embeddable":true,"href":"https:\/\/webshop-marcella-carin.de\/index.php?rest_route=%2Fwp%2Fv2%2Fproduct_brand&post=12"},{"taxonomy":"product_cat","embeddable":true,"href":"https:\/\/webshop-marcella-carin.de\/index.php?rest_route=%2Fwp%2Fv2%2Fproduct_cat&post=12"},{"taxonomy":"product_tag","embeddable":true,"href":"https:\/\/webshop-marcella-carin.de\/index.php?rest_route=%2Fwp%2Fv2%2Fproduct_tag&post=12"}],"curies":[{"name":"wp","href":"https:\/\/api.w.org\/{rel}","templated":true}]}}