{"id":73,"date":"2018-10-09T12:11:17","date_gmt":"2018-10-09T10:11:17","guid":{"rendered":"http:\/\/192.168.1.109\/?page_id=73"},"modified":"2021-05-24T16:54:08","modified_gmt":"2021-05-24T14:54:08","slug":"impressum","status":"publish","type":"page","link":"https:\/\/webshop-marcella-carin.de\/?page_id=73","title":{"rendered":"Impressum"},"content":{"rendered":"<p><strong>Angaben gem\u00e4\u00df \u00a7 5 TMG:<\/strong><\/p>\n<p>Cellarin Media Musikverlag &amp; records<br \/>\nInh. Friedbert Raible<br \/>\nIm Br\u00fchl 21<br \/>\n72108 Rottenburg N.<\/p>\n<p><strong>Kontakt:<\/strong><\/p>\n<p>Telefon: 07472-42426<br \/>\nTelefax: 07472-42457<br \/>\nE-Mail: office@cellarin.de<br \/>\nHomepage: https:\/\/www.marcella-carin.de<br \/>\nShop: https:\/\/webshop-marcella-carin.de<br \/>\nVerlag: www.cellarin.de<\/p>\n<p><strong>Aufsichtsbeh\u00f6rde:<\/strong><\/p>\n<p>Gewerbeaufsichtsamt der Stadt Rottenburg<br \/>\nMarktplatz 18<br \/>\n72108 Rottenburg a. N.<\/p>\n<p><a href=\"https:\/\/www.rottenburg.de\/startseite.1.htm\">https:\/\/www.rottenburg.de\/startseite.1.htm<\/a><\/p>\n<p><strong>Verantwortlich f\u00fcr den Inhalt nach \u00a7 55 Abs. 2 RStV:<\/strong><\/p>\n<p>Friedbert Raible<br \/>\nBankkaufmann (IHK), Betriebswirt (VWA)<br \/>\nIm Br\u00fchl 21, 72108 Rottenburg N.<\/p>\n<p><strong>Streitschlichtung<\/strong><\/p>\n<p>Die Europ\u00e4ische Kommission stellt eine Plattform zur Online-Streitbeilegung (OS) bereit: <a href=\"https:\/\/ec.europa.eu\/consumers\/odr\">https:\/\/ec.europa.eu\/consumers\/odr<\/a>.<br \/>\nUnsere E-Mail-Adresse finden Sie oben im Impressum.<\/p>\n<p>Wir sind nicht bereit oder verpflichtet, an Streitbeilegungsverfahren vor einer Verbraucherschlichtungsstelle teilzunehmen.<\/p>\n<p><strong>Haftung f\u00fcr Inhalte<\/strong><\/p>\n<p>Als Diensteanbieter sind wir gem\u00e4\u00df \u00a7 7 Abs.1 TMG f\u00fcr eigene Inhalte auf diesen Seiten nach den allgemeinen Gesetzen verantwortlich. Nach \u00a7\u00a7 8 bis 10 TMG sind wir als Diensteanbieter jedoch nicht verpflichtet, \u00fcbermittelte oder gespeicherte fremde Informationen zu \u00fcberwachen oder nach Umst\u00e4nden zu forschen, die auf eine rechtswidrige T\u00e4tigkeit hinweisen.<\/p>\n<p>Verpflichtungen zur Entfernung oder Sperrung der Nutzung von Informationen nach den allgemeinen Gesetzen bleiben hiervon unber\u00fchrt. Eine diesbez\u00fcgliche Haftung ist jedoch erst ab dem Zeitpunkt der Kenntnis einer konkreten Rechtsverletzung m\u00f6glich. Bei Bekanntwerden von entsprechenden Rechtsverletzungen werden wir diese Inhalte umgehend entfernen.<\/p>\n<p><strong>Haftung f\u00fcr Links<\/strong><\/p>\n<p>Unser Angebot enth\u00e4lt Links zu externen Websites Dritter, auf deren Inhalte wir keinen Einfluss haben. Deshalb k\u00f6nnen wir f\u00fcr diese fremden Inhalte auch keine Gew\u00e4hr \u00fcbernehmen. F\u00fcr die Inhalte der verlinkten Seiten ist stets der jeweilige Anbieter oder Betreiber der Seiten verantwortlich. Die verlinkten Seiten wurden zum Zeitpunkt der Verlinkung auf m\u00f6gliche Rechtsverst\u00f6\u00dfe \u00fcberpr\u00fcft. Rechtswidrige Inhalte waren zum Zeitpunkt der Verlinkung nicht erkennbar.<\/p>\n<p>Eine permanente inhaltliche Kontrolle der verlinkten Seiten ist jedoch ohne konkrete Anhaltspunkte einer Rechtsverletzung nicht zumutbar. Bei Bekanntwerden von Rechtsverletzungen werden wir derartige Links umgehend entfernen.<\/p>\n<p><strong>Urheberrecht<\/strong><\/p>\n<p>Die durch die Seitenbetreiber erstellten Inhalte und Werke auf diesen Seiten unterliegen dem deutschen Urheberrecht. Die Vervielf\u00e4ltigung, Bearbeitung, Verbreitung und jede Art der Verwertung au\u00dferhalb der Grenzen des Urheberrechtes bed\u00fcrfen der schriftlichen Zustimmung des jeweiligen Autors bzw. Erstellers. Downloads und Kopien dieser Seite sind nur f\u00fcr den privaten, nicht kommerziellen Gebrauch gestattet.<\/p>\n<p>Soweit die Inhalte auf dieser Seite nicht vom Betreiber erstellt wurden, werden die Urheberrechte Dritter beachtet. Insbesondere werden Inhalte Dritter als solche gekennzeichnet. Sollten Sie trotzdem auf eine Urheberrechtsverletzung aufmerksam werden, bitten wir um einen entsprechenden Hinweis. Bei Bekanntwerden von Rechtsverletzungen werden wir derartige Inhalte umgehend entfernen.<\/p>\n<p><strong>Sonstiges<\/strong><\/p>\n<p>Eine Haftung oder Gew\u00e4hr f\u00fcr die Aktualit\u00e4t oder die Richtigkeit und Vollst\u00e4ndigkeit der zur Verf\u00fcgung gestellten Informationen kann nicht \u00fcbernommen werden, insbesondere werden Schadenersatzanspr\u00fcche ausgeschlossen, soweit dies gesetzlich m\u00f6glich ist. Inhalt und Struktur der Web-Seiten sind gesch\u00fctzt. Die Verwendung von Informationen oder insbesondere die Verwendung von Texten, Textteilen oder Bildmaterial bedarf der vorhergehenden Genehmigung, es sei denn, es handelt sich um Unterlagen\/Informationen (z.B. Bilder, Logo), die der Rubrik &#8222;Presse&#8220; entnommen wurden. Teilweise werden auch Bilder ver\u00f6ffentlicht, bei denen die Interpretin \u00f6ffentlich aufgetreten ist. Bei solchen Aufnahmen ist es nicht ausgeschlossen, dass auch Dritte mit auf den publizierten Bildern sind. Sollte sich jemand in seinem Bildrecht verletzt f\u00fchlen, wird um unmittelbaren Hinweis an den Verlag gebeten. Der Verlag sichert eine sofortige Entfernung des betroffenen Bildes zu.<\/p>\n<p>Der Verantwortliche beh\u00e4lt sich vor, Teile der Seiten oder das gesamte Angebot ohne gesonderte Ank\u00fcndigung zu ver\u00e4ndern, zu erg\u00e4nzen, zu l\u00f6schen oder die Webseite endg\u00fcltig einzustellen.<\/p>\n<p>Weitere Details k\u00f6nnen Sie unserer <a href=\"https:\/\/marcella-carin.de\/datenschutzerklaerung\/\">Datenschutzerkl\u00e4rung<\/a> entnehmen.<\/p>\n<p>Quelle: erecht24.de<\/p>\n","protected":false},"excerpt":{"rendered":"<p>Angaben gem\u00e4\u00df \u00a7 5 TMG: Cellarin Media Musikverlag &amp; records Inh. Friedbert Raible Im Br\u00fchl 21 72108 Rottenburg N. Kontakt: Telefon: 07472-42426 Telefax: 07472-42457 E-Mail: office@cellarin.de Homepage: https:\/\/www.marcella-carin.de Shop: https:\/\/webshop-marcella-carin.de Verlag: www.cellarin.de Aufsichtsbeh\u00f6rde: Gewerbeaufsichtsamt der Stadt Rottenburg Marktplatz 18 72108 Rottenburg a. N. https:\/\/www.rottenburg.de\/startseite.1.htm Verantwortlich f\u00fcr den Inhalt nach \u00a7 55 Abs. 2 RStV: Friedbert [&hellip;]<\/p>\n","protected":false},"author":1,"featured_media":0,"parent":0,"menu_order":0,"comment_status":"closed","ping_status":"closed","template":"","meta":{"footnotes":""},"class_list":["post-73","page","type-page","status-publish","hentry"],"jetpack_sharing_enabled":true,"_links":{"self":[{"href":"https:\/\/webshop-marcella-carin.de\/index.php?rest_route=\/wp\/v2\/pages\/73"}],"collection":[{"href":"https:\/\/webshop-marcella-carin.de\/index.php?rest_route=\/wp\/v2\/pages"}],"about":[{"href":"https:\/\/webshop-marcella-carin.de\/index.php?rest_route=\/wp\/v2\/types\/page"}],"author":[{"embeddable":true,"href":"https:\/\/webshop-marcella-carin.de\/index.php?rest_route=\/wp\/v2\/users\/1"}],"replies":[{"embeddable":true,"href":"https:\/\/webshop-marcella-carin.de\/index.php?rest_route=%2Fwp%2Fv2%2Fcomments&post=73"}],"version-history":[{"count":5,"href":"https:\/\/webshop-marcella-carin.de\/index.php?rest_route=\/wp\/v2\/pages\/73\/revisions"}],"predecessor-version":[{"id":210,"href":"https:\/\/webshop-marcella-carin.de\/index.php?rest_route=\/wp\/v2\/pages\/73\/revisions\/210"}],"wp:attachment":[{"href":"https:\/\/webshop-marcella-carin.de\/index.php?rest_route=%2Fwp%2Fv2%2Fmedia&parent=73"}],"curies":[{"name":"wp","href":"https:\/\/api.w.org\/{rel}","templated":true}]}}